{"id":137,"date":"2026-04-23T09:34:11","date_gmt":"2026-04-23T09:34:11","guid":{"rendered":"https:\/\/essica.fr\/?page_id=137"},"modified":"2026-04-23T09:54:22","modified_gmt":"2026-04-23T09:54:22","slug":"le-tarot-des-corps-sensible","status":"publish","type":"page","link":"https:\/\/essica.fr\/index.php\/le-tarot-des-corps-sensible\/","title":{"rendered":"Tarot"},"content":{"rendered":"\n<h2 class=\"wp-block-heading has-text-align-center\">Des corps sensibles<\/h2>\n\n\n\n<p>Ce tarot divinatoire non-binaire a \u00e9t\u00e9 enti\u00e8rement cr\u00e9er par Essica : les 78 cartes, les dessins, la mise en page, les textes, la pochette cousu main. Une immersion dans l&rsquo;univers sensible et fascinant de Essica.<\/p>\n\n\n\n<figure class=\"wp-block-video\"><video height=\"1920\" style=\"aspect-ratio: 1080 \/ 1920;\" width=\"1080\" controls src=\"https:\/\/essica.fr\/wp-content\/uploads\/2026\/04\/teaser-tarot.mp4\"><\/video><\/figure>\n\n\n\n<figure class=\"wp-block-image size-large is-resized\"><img loading=\"lazy\" decoding=\"async\" width=\"576\" height=\"1024\" src=\"https:\/\/essica.fr\/wp-content\/uploads\/2026\/04\/IMG_6754-1-576x1024.jpeg\" alt=\"\" class=\"wp-image-177\" style=\"aspect-ratio:0.5625028310426022;width:620px;height:auto\" srcset=\"https:\/\/essica.fr\/wp-content\/uploads\/2026\/04\/IMG_6754-1-576x1024.jpeg 576w, https:\/\/essica.fr\/wp-content\/uploads\/2026\/04\/IMG_6754-1-169x300.jpeg 169w, https:\/\/essica.fr\/wp-content\/uploads\/2026\/04\/IMG_6754-1-768x1365.jpeg 768w, https:\/\/essica.fr\/wp-content\/uploads\/2026\/04\/IMG_6754-1-864x1536.jpeg 864w, https:\/\/essica.fr\/wp-content\/uploads\/2026\/04\/IMG_6754-1-1152x2048.jpeg 1152w, https:\/\/essica.fr\/wp-content\/uploads\/2026\/04\/IMG_6754-1-scaled.jpeg 1440w\" sizes=\"auto, (max-width: 576px) 100vw, 576px\" \/><\/figure>\n\n\n\n<figure class=\"wp-block-gallery has-nested-images columns-default is-cropped wp-block-gallery-1 is-layout-flex wp-block-gallery-is-layout-flex\">\n<figure class=\"wp-block-image size-large\"><img loading=\"lazy\" decoding=\"async\" width=\"614\" height=\"1024\" data-id=\"168\" src=\"https:\/\/essica.fr\/wp-content\/uploads\/2026\/04\/montage-final-serie-arcanes-lajeurs1-1-614x1024.jpg\" alt=\"\" class=\"wp-image-168\" srcset=\"https:\/\/essica.fr\/wp-content\/uploads\/2026\/04\/montage-final-serie-arcanes-lajeurs1-1-614x1024.jpg 614w, https:\/\/essica.fr\/wp-content\/uploads\/2026\/04\/montage-final-serie-arcanes-lajeurs1-1-180x300.jpg 180w, https:\/\/essica.fr\/wp-content\/uploads\/2026\/04\/montage-final-serie-arcanes-lajeurs1-1-768x1281.jpg 768w, https:\/\/essica.fr\/wp-content\/uploads\/2026\/04\/montage-final-serie-arcanes-lajeurs1-1-921x1536.jpg 921w, https:\/\/essica.fr\/wp-content\/uploads\/2026\/04\/montage-final-serie-arcanes-lajeurs1-1-1228x2048.jpg 1228w, https:\/\/essica.fr\/wp-content\/uploads\/2026\/04\/montage-final-serie-arcanes-lajeurs1-1-scaled.jpg 1535w\" sizes=\"auto, (max-width: 614px) 100vw, 614px\" \/><\/figure>\n\n\n\n<figure class=\"wp-block-image size-large\"><img loading=\"lazy\" decoding=\"async\" width=\"614\" height=\"1024\" data-id=\"165\" src=\"https:\/\/essica.fr\/wp-content\/uploads\/2026\/04\/montage-final-serie-arcanes-lajeurs212-614x1024.jpg\" alt=\"\" class=\"wp-image-165\" srcset=\"https:\/\/essica.fr\/wp-content\/uploads\/2026\/04\/montage-final-serie-arcanes-lajeurs212-614x1024.jpg 614w, https:\/\/essica.fr\/wp-content\/uploads\/2026\/04\/montage-final-serie-arcanes-lajeurs212-180x300.jpg 180w, https:\/\/essica.fr\/wp-content\/uploads\/2026\/04\/montage-final-serie-arcanes-lajeurs212-768x1281.jpg 768w, https:\/\/essica.fr\/wp-content\/uploads\/2026\/04\/montage-final-serie-arcanes-lajeurs212-921x1536.jpg 921w, https:\/\/essica.fr\/wp-content\/uploads\/2026\/04\/montage-final-serie-arcanes-lajeurs212-1228x2048.jpg 1228w, https:\/\/essica.fr\/wp-content\/uploads\/2026\/04\/montage-final-serie-arcanes-lajeurs212-scaled.jpg 1535w\" sizes=\"auto, (max-width: 614px) 100vw, 614px\" \/><\/figure>\n\n\n\n<figure class=\"wp-block-image size-large\"><img loading=\"lazy\" decoding=\"async\" width=\"614\" height=\"1024\" data-id=\"170\" src=\"https:\/\/essica.fr\/wp-content\/uploads\/2026\/04\/montage-final-serie-arcanes-lajeurs316-1-614x1024.jpg\" alt=\"\" class=\"wp-image-170\" srcset=\"https:\/\/essica.fr\/wp-content\/uploads\/2026\/04\/montage-final-serie-arcanes-lajeurs316-1-614x1024.jpg 614w, https:\/\/essica.fr\/wp-content\/uploads\/2026\/04\/montage-final-serie-arcanes-lajeurs316-1-180x300.jpg 180w, https:\/\/essica.fr\/wp-content\/uploads\/2026\/04\/montage-final-serie-arcanes-lajeurs316-1-768x1281.jpg 768w, https:\/\/essica.fr\/wp-content\/uploads\/2026\/04\/montage-final-serie-arcanes-lajeurs316-1-921x1536.jpg 921w, https:\/\/essica.fr\/wp-content\/uploads\/2026\/04\/montage-final-serie-arcanes-lajeurs316-1-1228x2048.jpg 1228w, https:\/\/essica.fr\/wp-content\/uploads\/2026\/04\/montage-final-serie-arcanes-lajeurs316-1-scaled.jpg 1535w\" sizes=\"auto, (max-width: 614px) 100vw, 614px\" \/><\/figure>\n\n\n\n<figure class=\"wp-block-image size-large\"><img loading=\"lazy\" decoding=\"async\" width=\"614\" height=\"1024\" data-id=\"166\" src=\"https:\/\/essica.fr\/wp-content\/uploads\/2026\/04\/montage-final-serie-arcanes-lajeurs619-614x1024.jpg\" alt=\"\" class=\"wp-image-166\" srcset=\"https:\/\/essica.fr\/wp-content\/uploads\/2026\/04\/montage-final-serie-arcanes-lajeurs619-614x1024.jpg 614w, https:\/\/essica.fr\/wp-content\/uploads\/2026\/04\/montage-final-serie-arcanes-lajeurs619-180x300.jpg 180w, https:\/\/essica.fr\/wp-content\/uploads\/2026\/04\/montage-final-serie-arcanes-lajeurs619-768x1281.jpg 768w, https:\/\/essica.fr\/wp-content\/uploads\/2026\/04\/montage-final-serie-arcanes-lajeurs619-921x1536.jpg 921w, https:\/\/essica.fr\/wp-content\/uploads\/2026\/04\/montage-final-serie-arcanes-lajeurs619-1228x2048.jpg 1228w, https:\/\/essica.fr\/wp-content\/uploads\/2026\/04\/montage-final-serie-arcanes-lajeurs619-scaled.jpg 1535w\" sizes=\"auto, (max-width: 614px) 100vw, 614px\" \/><\/figure>\n\n\n\n<figure class=\"wp-block-image size-large\"><img loading=\"lazy\" decoding=\"async\" width=\"614\" height=\"1024\" data-id=\"171\" src=\"https:\/\/essica.fr\/wp-content\/uploads\/2026\/04\/montage-final-serie-arcanes-lajeurs720-1-614x1024.jpg\" alt=\"\" class=\"wp-image-171\" srcset=\"https:\/\/essica.fr\/wp-content\/uploads\/2026\/04\/montage-final-serie-arcanes-lajeurs720-1-614x1024.jpg 614w, https:\/\/essica.fr\/wp-content\/uploads\/2026\/04\/montage-final-serie-arcanes-lajeurs720-1-180x300.jpg 180w, https:\/\/essica.fr\/wp-content\/uploads\/2026\/04\/montage-final-serie-arcanes-lajeurs720-1-768x1281.jpg 768w, https:\/\/essica.fr\/wp-content\/uploads\/2026\/04\/montage-final-serie-arcanes-lajeurs720-1-921x1536.jpg 921w, https:\/\/essica.fr\/wp-content\/uploads\/2026\/04\/montage-final-serie-arcanes-lajeurs720-1-1228x2048.jpg 1228w, https:\/\/essica.fr\/wp-content\/uploads\/2026\/04\/montage-final-serie-arcanes-lajeurs720-1-scaled.jpg 1535w\" sizes=\"auto, (max-width: 614px) 100vw, 614px\" \/><\/figure>\n\n\n\n<figure class=\"wp-block-image size-large\"><img loading=\"lazy\" decoding=\"async\" width=\"614\" height=\"1024\" data-id=\"169\" src=\"https:\/\/essica.fr\/wp-content\/uploads\/2026\/04\/montage-final-serie-arcanes-lajeurs113-1-614x1024.jpg\" alt=\"\" class=\"wp-image-169\" srcset=\"https:\/\/essica.fr\/wp-content\/uploads\/2026\/04\/montage-final-serie-arcanes-lajeurs113-1-614x1024.jpg 614w, https:\/\/essica.fr\/wp-content\/uploads\/2026\/04\/montage-final-serie-arcanes-lajeurs113-1-180x300.jpg 180w, https:\/\/essica.fr\/wp-content\/uploads\/2026\/04\/montage-final-serie-arcanes-lajeurs113-1-768x1281.jpg 768w, https:\/\/essica.fr\/wp-content\/uploads\/2026\/04\/montage-final-serie-arcanes-lajeurs113-1-921x1536.jpg 921w, https:\/\/essica.fr\/wp-content\/uploads\/2026\/04\/montage-final-serie-arcanes-lajeurs113-1-1228x2048.jpg 1228w, https:\/\/essica.fr\/wp-content\/uploads\/2026\/04\/montage-final-serie-arcanes-lajeurs113-1-scaled.jpg 1535w\" sizes=\"auto, (max-width: 614px) 100vw, 614px\" \/><\/figure>\n\n\n\n<figure class=\"wp-block-image size-large\"><img loading=\"lazy\" decoding=\"async\" width=\"614\" height=\"1024\" data-id=\"174\" src=\"https:\/\/essica.fr\/wp-content\/uploads\/2026\/04\/montage-final-serie-arcanes-lajeurs157-1-614x1024.jpg\" alt=\"\" class=\"wp-image-174\" srcset=\"https:\/\/essica.fr\/wp-content\/uploads\/2026\/04\/montage-final-serie-arcanes-lajeurs157-1-614x1024.jpg 614w, https:\/\/essica.fr\/wp-content\/uploads\/2026\/04\/montage-final-serie-arcanes-lajeurs157-1-180x300.jpg 180w, https:\/\/essica.fr\/wp-content\/uploads\/2026\/04\/montage-final-serie-arcanes-lajeurs157-1-768x1281.jpg 768w, https:\/\/essica.fr\/wp-content\/uploads\/2026\/04\/montage-final-serie-arcanes-lajeurs157-1-921x1536.jpg 921w, https:\/\/essica.fr\/wp-content\/uploads\/2026\/04\/montage-final-serie-arcanes-lajeurs157-1-1228x2048.jpg 1228w, https:\/\/essica.fr\/wp-content\/uploads\/2026\/04\/montage-final-serie-arcanes-lajeurs157-1-scaled.jpg 1535w\" sizes=\"auto, (max-width: 614px) 100vw, 614px\" \/><\/figure>\n\n\n\n<figure class=\"wp-block-image size-large\"><img loading=\"lazy\" decoding=\"async\" width=\"614\" height=\"1024\" data-id=\"173\" src=\"https:\/\/essica.fr\/wp-content\/uploads\/2026\/04\/montage-final-serie-arcanes-lajeurs168-1-614x1024.jpg\" alt=\"\" class=\"wp-image-173\" srcset=\"https:\/\/essica.fr\/wp-content\/uploads\/2026\/04\/montage-final-serie-arcanes-lajeurs168-1-614x1024.jpg 614w, https:\/\/essica.fr\/wp-content\/uploads\/2026\/04\/montage-final-serie-arcanes-lajeurs168-1-180x300.jpg 180w, https:\/\/essica.fr\/wp-content\/uploads\/2026\/04\/montage-final-serie-arcanes-lajeurs168-1-768x1281.jpg 768w, https:\/\/essica.fr\/wp-content\/uploads\/2026\/04\/montage-final-serie-arcanes-lajeurs168-1-921x1536.jpg 921w, https:\/\/essica.fr\/wp-content\/uploads\/2026\/04\/montage-final-serie-arcanes-lajeurs168-1-1228x2048.jpg 1228w, https:\/\/essica.fr\/wp-content\/uploads\/2026\/04\/montage-final-serie-arcanes-lajeurs168-1-scaled.jpg 1535w\" sizes=\"auto, (max-width: 614px) 100vw, 614px\" \/><\/figure>\n\n\n\n<figure class=\"wp-block-image size-large\"><img loading=\"lazy\" decoding=\"async\" width=\"614\" height=\"1024\" data-id=\"172\" src=\"https:\/\/essica.fr\/wp-content\/uploads\/2026\/04\/montage-final-serie-arcanes-lajeurs179-1-614x1024.jpg\" alt=\"\" class=\"wp-image-172\" srcset=\"https:\/\/essica.fr\/wp-content\/uploads\/2026\/04\/montage-final-serie-arcanes-lajeurs179-1-614x1024.jpg 614w, https:\/\/essica.fr\/wp-content\/uploads\/2026\/04\/montage-final-serie-arcanes-lajeurs179-1-180x300.jpg 180w, https:\/\/essica.fr\/wp-content\/uploads\/2026\/04\/montage-final-serie-arcanes-lajeurs179-1-768x1281.jpg 768w, https:\/\/essica.fr\/wp-content\/uploads\/2026\/04\/montage-final-serie-arcanes-lajeurs179-1-921x1536.jpg 921w, https:\/\/essica.fr\/wp-content\/uploads\/2026\/04\/montage-final-serie-arcanes-lajeurs179-1-1228x2048.jpg 1228w, https:\/\/essica.fr\/wp-content\/uploads\/2026\/04\/montage-final-serie-arcanes-lajeurs179-1-scaled.jpg 1535w\" sizes=\"auto, (max-width: 614px) 100vw, 614px\" \/><\/figure>\n<\/figure>\n","protected":false},"excerpt":{"rendered":"<p>Des corps sensibles Ce tarot divinatoire non-binaire a \u00e9t\u00e9 enti\u00e8rement cr\u00e9er par Essica : les 78 cartes, les dessins, la mise en page, les textes, la pochette cousu main. Une immersion dans l&rsquo;univers sensible et fascinant de Essica.<\/p>\n","protected":false},"author":1,"featured_media":0,"parent":0,"menu_order":0,"comment_status":"closed","ping_status":"closed","template":"","meta":{"footnotes":""},"class_list":["post-137","page","type-page","status-publish","hentry"],"_links":{"self":[{"href":"https:\/\/essica.fr\/index.php\/wp-json\/wp\/v2\/pages\/137","targetHints":{"allow":["GET"]}}],"collection":[{"href":"https:\/\/essica.fr\/index.php\/wp-json\/wp\/v2\/pages"}],"about":[{"href":"https:\/\/essica.fr\/index.php\/wp-json\/wp\/v2\/types\/page"}],"author":[{"embeddable":true,"href":"https:\/\/essica.fr\/index.php\/wp-json\/wp\/v2\/users\/1"}],"replies":[{"embeddable":true,"href":"https:\/\/essica.fr\/index.php\/wp-json\/wp\/v2\/comments?post=137"}],"version-history":[{"count":5,"href":"https:\/\/essica.fr\/index.php\/wp-json\/wp\/v2\/pages\/137\/revisions"}],"predecessor-version":[{"id":185,"href":"https:\/\/essica.fr\/index.php\/wp-json\/wp\/v2\/pages\/137\/revisions\/185"}],"wp:attachment":[{"href":"https:\/\/essica.fr\/index.php\/wp-json\/wp\/v2\/media?parent=137"}],"curies":[{"name":"wp","href":"https:\/\/api.w.org\/{rel}","templated":true}]}}